{"id":5784,"date":"2026-04-18T14:06:27","date_gmt":"2026-04-18T14:06:27","guid":{"rendered":"https:\/\/crisbarbarino.com\/?page_id=5784"},"modified":"2026-04-18T14:07:51","modified_gmt":"2026-04-18T14:07:51","slug":"programs","status":"publish","type":"page","link":"https:\/\/crisbarbarino.com\/en\/programs\/","title":{"rendered":"PROGRAMS"},"content":{"rendered":"\t\t<div data-elementor-type=\"wp-page\" data-elementor-id=\"5784\" class=\"elementor elementor-5784\">\n\t\t\t\t<div data-custom-animations=\"true\" data-ca-options=\"{&quot;addChildTimelines&quot;:false,&quot;trigger&quot;:&quot;firstChild&quot;,&quot;animationTarget&quot;:&quot;:scope .e-con-inner &gt; .elementor-element:not(.lqd-exclude-parent-ca) &gt; .elementor-widget-container, :scope .e-con-inner &gt; .elementor-widget-hub_fancy_heading .lqd-split-lines .lqd-lines .split-inner, :scope .e-con-inner &gt; .elementor-widget-hub_fancy_heading .lqd-split-words .lqd-words .split-inner, :scope .e-con-inner &gt; .elementor-widget-hub_fancy_heading .lqd-split-chars .lqd-chars .split-inner, :scope .e-con-inner &gt; .elementor-widget-hub_fancy_heading .lqd-adv-txt-fig, :scope .e-con-inner &gt; .elementor-widget-ld_custom_menu .lqd-fancy-menu &gt; ul &gt; li, :scope .e-con:not([data-parallax]) .elementor-element &gt; .elementor-widget-container, :scope .e-con:not([data-parallax]) .elementor-widget-hub_fancy_heading .lqd-split-lines .lqd-lines .split-inner, :scope .e-con:not([data-parallax]) .elementor-widget-hub_fancy_heading .lqd-split-words .lqd-words .split-inner, :scope .e-con:not([data-parallax]) .elementor-widget-hub_fancy_heading .lqd-split-chars .lqd-chars .split-inner, :scope .e-con:not([data-parallax]) .elementor-widget-ld_custom_menu .lqd-fancy-menu &gt; ul &gt; li&quot;,&quot;ease&quot;:&quot;power2.out&quot;,&quot;initValues&quot;:{&quot;y&quot;:&quot;50px&quot;,&quot;opacity&quot;:0,&quot;transformOrigin&quot;:&quot;50% 50% 0px&quot;},&quot;animations&quot;:{&quot;y&quot;:&quot;0px&quot;,&quot;opacity&quot;:1,&quot;transformOrigin&quot;:&quot;50% 50% 0px&quot;}}\" class=\"elementor-element elementor-element-6cfaf25 e-flex e-con-boxed e-con e-parent\" data-id=\"6cfaf25\" data-element_type=\"container\" data-e-type=\"container\" data-settings=\"{&quot;background_background&quot;:&quot;classic&quot;}\">\n\t\t\t\t\t<div class=\"e-con-inner\">\n\t\t\t\t<div class=\"elementor-element elementor-element-71e740e elementor-widget elementor-widget-hub_fancy_heading\" data-id=\"71e740e\" data-element_type=\"widget\" data-e-type=\"widget\" data-widget_type=\"hub_fancy_heading.default\">\n\t\t\t\t<div class=\"elementor-widget-container\">\n\t\t\t\t\t\n\t\t<div id=\"ld-fancy-heading-69eb89fb83ada\" class=\"ld-fancy-heading pos-rel\">\n\t\t\t<p class=\"ld-fh-element d-inline-block pos-rel  lqd-highlight-classic lqd-highlight-grow-left p\"  > PERCORSI<\/p>\t\t<\/div>\n\n\t\t\t\t\t\t<\/div>\n\t\t\t\t<\/div>\n\t\t\t\t<div class=\"elementor-element elementor-element-bfc1c03 elementor-widget__width-initial elementor-widget elementor-widget-hub_fancy_heading\" data-id=\"bfc1c03\" data-element_type=\"widget\" data-e-type=\"widget\" data-widget_type=\"hub_fancy_heading.default\">\n\t\t\t\t<div class=\"elementor-widget-container\">\n\t\t\t\t\t\n\t\t<div id=\"ld-fancy-heading-69eb89fb84951\" class=\"ld-fancy-heading pos-rel\">\n\t\t\t<h2 class=\"ld-fh-element d-inline-block pos-rel  elementor-heading-title lqd-highlight-classic lqd-highlight-grow-left h2\"  > Trasforma <span style=\"color: #e4b476\">la tua identit\u00e0<\/span> <\/h2>\t\t<\/div>\n\n\t\t\t\t\t\t<\/div>\n\t\t\t\t<\/div>\n\t\t\t\t<div class=\"elementor-element elementor-element-6073036 elementor-widget-mobile__width-initial elementor-widget elementor-widget-hub_fancy_heading\" data-id=\"6073036\" data-element_type=\"widget\" data-e-type=\"widget\" data-widget_type=\"hub_fancy_heading.default\">\n\t\t\t\t<div class=\"elementor-widget-container\">\n\t\t\t\t\t\n\t\t<div id=\"ld-fancy-heading-69eb89fb858d3\" class=\"ld-fancy-heading pos-rel\">\n\t\t\t<p class=\"ld-fh-element d-inline-block pos-rel  lqd-highlight-classic lqd-highlight-grow-left p\"  > Percorsi strutturati per chiarire chi sei e tradurre la tua identit\u00e0 in direzione concreta.<\/p>\t\t<\/div>\n\n\t\t\t\t\t\t<\/div>\n\t\t\t\t<\/div>\n\t\t\t\t\t<\/div>\n\t\t\t\t<\/div>\n\t\t<div class=\"elementor-element elementor-element-521e9d0 e-flex e-con-boxed e-con e-parent\" data-id=\"521e9d0\" data-element_type=\"container\" data-e-type=\"container\" data-settings=\"{&quot;background_background&quot;:&quot;classic&quot;}\">\n\t\t\t\t\t<div class=\"e-con-inner\">\n\t\t<a class=\"elementor-element elementor-element-17f892d e-con-full e-flex e-con e-child\" data-id=\"17f892d\" data-element_type=\"container\" data-e-type=\"container\" data-settings=\"{&quot;background_background&quot;:&quot;classic&quot;}\" href=\"https:\/\/crisbarbarino.com\/lifecode\/\">\n\t\t\t\t<div class=\"elementor-element elementor-element-de8fbcb elementor-widget__width-auto elementor-widget elementor-widget-hub_fancy_heading\" data-id=\"de8fbcb\" data-element_type=\"widget\" data-e-type=\"widget\" data-widget_type=\"hub_fancy_heading.default\">\n\t\t\t\t<div class=\"elementor-widget-container\">\n\t\t\t\t\t\n\t\t<div id=\"ld-fancy-heading-69eb89fb8667b\" class=\"ld-fancy-heading pos-rel\">\n\t\t\t<p class=\"ld-fh-element d-inline-block pos-rel  lqd-highlight-classic lqd-highlight-grow-left p\"  > Esplora<\/p>\t\t<\/div>\n\n\t\t\t\t\t\t<\/div>\n\t\t\t\t<\/div>\n\t\t<div class=\"elementor-element elementor-element-55d75977 e-con-full e-flex e-con e-child\" data-id=\"55d75977\" data-element_type=\"container\" data-e-type=\"container\">\n\t\t\t\t<div class=\"elementor-element elementor-element-77cc41b9 elementor-widget elementor-widget-hub_fancy_heading\" data-id=\"77cc41b9\" data-element_type=\"widget\" data-e-type=\"widget\" data-widget_type=\"hub_fancy_heading.default\">\n\t\t\t\t<div class=\"elementor-widget-container\">\n\t\t\t\t\t\n\t\t<div id=\"ld-fancy-heading-69eb89fb8718f\" class=\"ld-fancy-heading pos-rel\">\n\t\t\t<p class=\"ld-fh-element d-inline-block pos-rel  lqd-highlight-classic lqd-highlight-grow-left p\"  > lifecode<\/p>\t\t<\/div>\n\n\t\t\t\t\t\t<\/div>\n\t\t\t\t<\/div>\n\t\t\t\t<div class=\"elementor-element elementor-element-601c1140 elementor-widget__width-initial elementor-widget elementor-widget-hub_fancy_heading\" data-id=\"601c1140\" data-element_type=\"widget\" data-e-type=\"widget\" data-widget_type=\"hub_fancy_heading.default\">\n\t\t\t\t<div class=\"elementor-widget-container\">\n\t\t\t\t\t\n\t\t<div id=\"ld-fancy-heading-69eb89fb87c89\" class=\"ld-fancy-heading pos-rel\">\n\t\t\t<h2 class=\"ld-fh-element d-inline-block pos-rel  elementor-heading-title lqd-highlight-classic lqd-highlight-grow-left h2\"  > Riscrivi il tuo<br>codice personale<\/h2>\t\t<\/div>\n\n\t\t\t\t\t\t<\/div>\n\t\t\t\t<\/div>\n\t\t\t\t<\/div>\n\t\t\t\t<\/a>\n\t\t<a class=\"elementor-element elementor-element-45ef89c8 e-con-full e-flex e-con e-child\" data-id=\"45ef89c8\" data-element_type=\"container\" data-e-type=\"container\" data-settings=\"{&quot;background_background&quot;:&quot;classic&quot;}\" href=\"https:\/\/crisbarbarino.com\/lifecode-business\/\">\n\t\t\t\t<div class=\"elementor-element elementor-element-3546bf3 elementor-widget__width-auto elementor-widget elementor-widget-hub_fancy_heading\" data-id=\"3546bf3\" data-element_type=\"widget\" data-e-type=\"widget\" data-widget_type=\"hub_fancy_heading.default\">\n\t\t\t\t<div class=\"elementor-widget-container\">\n\t\t\t\t\t\n\t\t<div id=\"ld-fancy-heading-69eb89fb888fb\" class=\"ld-fancy-heading pos-rel\">\n\t\t\t<p class=\"ld-fh-element d-inline-block pos-rel  lqd-highlight-classic lqd-highlight-grow-left p\"  > Esplora<\/p>\t\t<\/div>\n\n\t\t\t\t\t\t<\/div>\n\t\t\t\t<\/div>\n\t\t<div class=\"elementor-element elementor-element-212a3b1c e-con-full e-flex e-con e-child\" data-id=\"212a3b1c\" data-element_type=\"container\" data-e-type=\"container\">\n\t\t\t\t<div class=\"elementor-element elementor-element-1e53511b elementor-widget elementor-widget-hub_fancy_heading\" data-id=\"1e53511b\" data-element_type=\"widget\" data-e-type=\"widget\" data-widget_type=\"hub_fancy_heading.default\">\n\t\t\t\t<div class=\"elementor-widget-container\">\n\t\t\t\t\t\n\t\t<div id=\"ld-fancy-heading-69eb89fb89499\" class=\"ld-fancy-heading pos-rel\">\n\t\t\t<p class=\"ld-fh-element d-inline-block pos-rel  lqd-highlight-classic lqd-highlight-grow-left p\"  > lifecode business<\/p>\t\t<\/div>\n\n\t\t\t\t\t\t<\/div>\n\t\t\t\t<\/div>\n\t\t\t\t<div class=\"elementor-element elementor-element-7067d257 elementor-widget__width-initial elementor-widget elementor-widget-hub_fancy_heading\" data-id=\"7067d257\" data-element_type=\"widget\" data-e-type=\"widget\" data-widget_type=\"hub_fancy_heading.default\">\n\t\t\t\t<div class=\"elementor-widget-container\">\n\t\t\t\t\t\n\t\t<div id=\"ld-fancy-heading-69eb89fb89dde\" class=\"ld-fancy-heading pos-rel\">\n\t\t\t<h2 class=\"ld-fh-element d-inline-block pos-rel  elementor-heading-title lqd-highlight-classic lqd-highlight-grow-left h2\"  > Guida il tuo sistema imprenditoriale<\/h2>\t\t<\/div>\n\n\t\t\t\t\t\t<\/div>\n\t\t\t\t<\/div>\n\t\t\t\t<\/div>\n\t\t\t\t<\/a>\n\t\t\t\t\t<\/div>\n\t\t\t\t<\/div>\n\t\t<div class=\"elementor-element elementor-element-ce56c1c e-flex e-con-boxed e-con e-parent\" data-id=\"ce56c1c\" data-element_type=\"container\" data-e-type=\"container\" data-settings=\"{&quot;background_background&quot;:&quot;classic&quot;}\">\n\t\t\t\t\t<div class=\"e-con-inner\">\n\t\t<a class=\"elementor-element elementor-element-147ffef0 e-con-full e-flex e-con e-child\" data-id=\"147ffef0\" data-element_type=\"container\" data-e-type=\"container\" data-settings=\"{&quot;background_background&quot;:&quot;classic&quot;}\" href=\"https:\/\/crisbarbarino.com\/lifedesign\/\">\n\t\t\t\t<div class=\"elementor-element elementor-element-92a5f14 elementor-widget__width-auto elementor-widget elementor-widget-hub_fancy_heading\" data-id=\"92a5f14\" data-element_type=\"widget\" data-e-type=\"widget\" data-widget_type=\"hub_fancy_heading.default\">\n\t\t\t\t<div class=\"elementor-widget-container\">\n\t\t\t\t\t\n\t\t<div id=\"ld-fancy-heading-69eb89fb8a939\" class=\"ld-fancy-heading pos-rel\">\n\t\t\t<p class=\"ld-fh-element d-inline-block pos-rel  lqd-highlight-classic lqd-highlight-grow-left p\"  > Esplora<\/p>\t\t<\/div>\n\n\t\t\t\t\t\t<\/div>\n\t\t\t\t<\/div>\n\t\t<div class=\"elementor-element elementor-element-3eace70e e-con-full e-flex e-con e-child\" data-id=\"3eace70e\" data-element_type=\"container\" data-e-type=\"container\">\n\t\t\t\t<div class=\"elementor-element elementor-element-4a690d82 elementor-widget elementor-widget-hub_fancy_heading\" data-id=\"4a690d82\" data-element_type=\"widget\" data-e-type=\"widget\" data-widget_type=\"hub_fancy_heading.default\">\n\t\t\t\t<div class=\"elementor-widget-container\">\n\t\t\t\t\t\n\t\t<div id=\"ld-fancy-heading-69eb89fb8b59c\" class=\"ld-fancy-heading pos-rel\">\n\t\t\t<p class=\"ld-fh-element d-inline-block pos-rel  lqd-highlight-classic lqd-highlight-grow-left p\"  > lifedesign<\/p>\t\t<\/div>\n\n\t\t\t\t\t\t<\/div>\n\t\t\t\t<\/div>\n\t\t\t\t<div class=\"elementor-element elementor-element-18652896 elementor-widget__width-initial elementor-widget elementor-widget-hub_fancy_heading\" data-id=\"18652896\" data-element_type=\"widget\" data-e-type=\"widget\" data-widget_type=\"hub_fancy_heading.default\">\n\t\t\t\t<div class=\"elementor-widget-container\">\n\t\t\t\t\t\n\t\t<div id=\"ld-fancy-heading-69eb89fb8bfd4\" class=\"ld-fancy-heading pos-rel\">\n\t\t\t<h2 class=\"ld-fh-element d-inline-block pos-rel  elementor-heading-title lqd-highlight-classic lqd-highlight-grow-left h2\"  > Dove l'identit\u00e0 prende forma<\/h2>\t\t<\/div>\n\n\t\t\t\t\t\t<\/div>\n\t\t\t\t<\/div>\n\t\t\t\t<\/div>\n\t\t\t\t<\/a>\n\t\t<a class=\"elementor-element elementor-element-257b6da1 e-con-full e-flex e-con e-child\" data-id=\"257b6da1\" data-element_type=\"container\" data-e-type=\"container\" data-settings=\"{&quot;background_background&quot;:&quot;classic&quot;}\" href=\"https:\/\/crisbarbarino.com\/business-usa\/\">\n\t\t\t\t<div class=\"elementor-element elementor-element-13c2dde elementor-widget__width-auto elementor-widget elementor-widget-hub_fancy_heading\" data-id=\"13c2dde\" data-element_type=\"widget\" data-e-type=\"widget\" data-widget_type=\"hub_fancy_heading.default\">\n\t\t\t\t<div class=\"elementor-widget-container\">\n\t\t\t\t\t\n\t\t<div id=\"ld-fancy-heading-69eb89fb8cb3a\" class=\"ld-fancy-heading pos-rel\">\n\t\t\t<p class=\"ld-fh-element d-inline-block pos-rel  lqd-highlight-classic lqd-highlight-grow-left p\"  > Esplora<\/p>\t\t<\/div>\n\n\t\t\t\t\t\t<\/div>\n\t\t\t\t<\/div>\n\t\t<div class=\"elementor-element elementor-element-dd5e411 e-con-full e-flex e-con e-child\" data-id=\"dd5e411\" data-element_type=\"container\" data-e-type=\"container\">\n\t\t\t\t<div class=\"elementor-element elementor-element-4cdd7407 elementor-widget elementor-widget-hub_fancy_heading\" data-id=\"4cdd7407\" data-element_type=\"widget\" data-e-type=\"widget\" data-widget_type=\"hub_fancy_heading.default\">\n\t\t\t\t<div class=\"elementor-widget-container\">\n\t\t\t\t\t\n\t\t<div id=\"ld-fancy-heading-69eb89fb8d5d6\" class=\"ld-fancy-heading pos-rel\">\n\t\t\t<p class=\"ld-fh-element d-inline-block pos-rel  lqd-highlight-classic lqd-highlight-grow-left p\"  > business lifestyle usa<\/p>\t\t<\/div>\n\n\t\t\t\t\t\t<\/div>\n\t\t\t\t<\/div>\n\t\t\t\t<div class=\"elementor-element elementor-element-c167f08 elementor-widget__width-initial elementor-widget elementor-widget-hub_fancy_heading\" data-id=\"c167f08\" data-element_type=\"widget\" data-e-type=\"widget\" data-widget_type=\"hub_fancy_heading.default\">\n\t\t\t\t<div class=\"elementor-widget-container\">\n\t\t\t\t\t\n\t\t<div id=\"ld-fancy-heading-69eb89fb8dfa6\" class=\"ld-fancy-heading pos-rel\">\n\t\t\t<h2 class=\"ld-fh-element d-inline-block pos-rel  elementor-heading-title lqd-highlight-classic lqd-highlight-grow-left h2\"  > Avvia il tuo Business negli Stati Uniti<\/h2>\t\t<\/div>\n\n\t\t\t\t\t\t<\/div>\n\t\t\t\t<\/div>\n\t\t\t\t<\/div>\n\t\t\t\t<\/a>\n\t\t\t\t\t<\/div>\n\t\t\t\t<\/div>\n\t\t\t\t<\/div>\n\t\t","protected":false},"excerpt":{"rendered":"<p>PERCORSI Trasforma la tua identit\u00e0 Percorsi strutturati per chiarire chi sei e tradurre la tua identit\u00e0 in direzione concreta. Esplora lifecode Riscrivi il tuo codice personale Esplora lifecode business Guida il tuo sistema imprenditoriale Esplora lifedesign Dove l&#8217;identit\u00e0 prende forma Esplora business lifestyle usa Avvia il tuo Business negli Stati Uniti<\/p>","protected":false},"author":3,"featured_media":1112,"parent":0,"menu_order":0,"comment_status":"closed","ping_status":"closed","template":"","meta":{"episode_type":"","audio_file":"","cover_image":"","cover_image_id":"","duration":"","filesize":"","filesize_raw":"","date_recorded":"","explicit":"","block":"","itunes_episode_number":"","itunes_title":"","itunes_season_number":"","itunes_episode_type":"","footnotes":""},"class_list":["post-5784","page","type-page","status-publish","has-post-thumbnail","hentry"],"yoast_head":"<!-- This site is optimized with the Yoast SEO plugin v27.3 - https:\/\/yoast.com\/product\/yoast-seo-wordpress\/ -->\n<title>Percorsi: Trasforma la tua identit\u00e0<\/title>\n<meta name=\"description\" content=\"Trasforma la tua identit\u00e0. Percorsi strutturati per chiarire chi sei e tradurre la tua identit\u00e0 in direzione concreta.\" \/>\n<meta name=\"robots\" content=\"index, follow, max-snippet:-1, max-image-preview:large, max-video-preview:-1\" \/>\n<link rel=\"canonical\" href=\"https:\/\/crisbarbarino.com\/en\/programs\/\" \/>\n<meta property=\"og:locale\" content=\"en_US\" \/>\n<meta property=\"og:type\" content=\"article\" \/>\n<meta property=\"og:title\" content=\"Percorsi: Trasforma la tua identit\u00e0\" \/>\n<meta property=\"og:description\" content=\"Trasforma la tua identit\u00e0. Percorsi strutturati per chiarire chi sei e tradurre la tua identit\u00e0 in direzione concreta.\" \/>\n<meta property=\"og:url\" content=\"https:\/\/crisbarbarino.com\/en\/programs\/\" \/>\n<meta property=\"og:site_name\" content=\"CrisBarbarino\" \/>\n<meta property=\"article:publisher\" content=\"https:\/\/www.facebook.com\/cristian.barbarino\" \/>\n<meta property=\"article:modified_time\" content=\"2026-04-18T14:07:51+00:00\" \/>\n<meta property=\"og:image\" content=\"https:\/\/crisbarbarino.com\/wp-content\/uploads\/lifecode_bg.jpg\" \/>\n\t<meta property=\"og:image:width\" content=\"1527\" \/>\n\t<meta property=\"og:image:height\" content=\"992\" \/>\n\t<meta property=\"og:image:type\" content=\"image\/jpeg\" \/>\n<meta name=\"twitter:card\" content=\"summary_large_image\" \/>\n<meta name=\"twitter:label1\" content=\"Est. reading time\" \/>\n\t<meta name=\"twitter:data1\" content=\"1 minute\" \/>\n<script type=\"application\/ld+json\" class=\"yoast-schema-graph\">{\"@context\":\"https:\\\/\\\/schema.org\",\"@graph\":[{\"@type\":\"WebPage\",\"@id\":\"https:\\\/\\\/crisbarbarino.com\\\/programs\\\/\",\"url\":\"https:\\\/\\\/crisbarbarino.com\\\/programs\\\/\",\"name\":\"Percorsi: Trasforma la tua identit\u00e0\",\"isPartOf\":{\"@id\":\"https:\\\/\\\/crisbarbarino.com\\\/#website\"},\"primaryImageOfPage\":{\"@id\":\"https:\\\/\\\/crisbarbarino.com\\\/programs\\\/#primaryimage\"},\"image\":{\"@id\":\"https:\\\/\\\/crisbarbarino.com\\\/programs\\\/#primaryimage\"},\"thumbnailUrl\":\"https:\\\/\\\/crisbarbarino.com\\\/wp-content\\\/uploads\\\/lifecode_bg.jpg\",\"datePublished\":\"2026-04-18T14:06:27+00:00\",\"dateModified\":\"2026-04-18T14:07:51+00:00\",\"description\":\"Trasforma la tua identit\u00e0. Percorsi strutturati per chiarire chi sei e tradurre la tua identit\u00e0 in direzione concreta.\",\"breadcrumb\":{\"@id\":\"https:\\\/\\\/crisbarbarino.com\\\/programs\\\/#breadcrumb\"},\"inLanguage\":\"en-US\",\"potentialAction\":[{\"@type\":\"ReadAction\",\"target\":[\"https:\\\/\\\/crisbarbarino.com\\\/programs\\\/\"]}]},{\"@type\":\"ImageObject\",\"inLanguage\":\"en-US\",\"@id\":\"https:\\\/\\\/crisbarbarino.com\\\/programs\\\/#primaryimage\",\"url\":\"https:\\\/\\\/crisbarbarino.com\\\/wp-content\\\/uploads\\\/lifecode_bg.jpg\",\"contentUrl\":\"https:\\\/\\\/crisbarbarino.com\\\/wp-content\\\/uploads\\\/lifecode_bg.jpg\",\"width\":1527,\"height\":992},{\"@type\":\"BreadcrumbList\",\"@id\":\"https:\\\/\\\/crisbarbarino.com\\\/programs\\\/#breadcrumb\",\"itemListElement\":[{\"@type\":\"ListItem\",\"position\":1,\"name\":\"Home\",\"item\":\"https:\\\/\\\/crisbarbarino.com\\\/\"},{\"@type\":\"ListItem\",\"position\":2,\"name\":\"PROGRAMS\"}]},{\"@type\":\"WebSite\",\"@id\":\"https:\\\/\\\/crisbarbarino.com\\\/#website\",\"url\":\"https:\\\/\\\/crisbarbarino.com\\\/\",\"name\":\"Cris Barbarino\",\"description\":\"Identity Strategist\",\"publisher\":{\"@id\":\"https:\\\/\\\/crisbarbarino.com\\\/#\\\/schema\\\/person\\\/e0bf751040b16132309d4c004de6a93c\"},\"potentialAction\":[{\"@type\":\"SearchAction\",\"target\":{\"@type\":\"EntryPoint\",\"urlTemplate\":\"https:\\\/\\\/crisbarbarino.com\\\/?s={search_term_string}\"},\"query-input\":{\"@type\":\"PropertyValueSpecification\",\"valueRequired\":true,\"valueName\":\"search_term_string\"}}],\"inLanguage\":\"en-US\"},{\"@type\":[\"Person\",\"Organization\"],\"@id\":\"https:\\\/\\\/crisbarbarino.com\\\/#\\\/schema\\\/person\\\/e0bf751040b16132309d4c004de6a93c\",\"name\":\"Cris\",\"image\":{\"@type\":\"ImageObject\",\"inLanguage\":\"en-US\",\"@id\":\"https:\\\/\\\/crisbarbarino.com\\\/wp-content\\\/uploads\\\/ico.jpg\",\"url\":\"https:\\\/\\\/crisbarbarino.com\\\/wp-content\\\/uploads\\\/ico.jpg\",\"contentUrl\":\"https:\\\/\\\/crisbarbarino.com\\\/wp-content\\\/uploads\\\/ico.jpg\",\"width\":200,\"height\":200,\"caption\":\"Cris\"},\"logo\":{\"@id\":\"https:\\\/\\\/crisbarbarino.com\\\/wp-content\\\/uploads\\\/ico.jpg\"},\"sameAs\":[\"https:\\\/\\\/www.facebook.com\\\/cristian.barbarino\",\"https:\\\/\\\/www.instagram.com\\\/crisbarbarino\\\/\",\"https:\\\/\\\/www.linkedin.com\\\/in\\\/cristianbarbarino\\\/\",\"https:\\\/\\\/www.youtube.com\\\/@crisbarbarino\"]}]}<\/script>\n<!-- \/ Yoast SEO plugin. -->","yoast_head_json":{"title":"Percorsi: Trasforma la tua identit\u00e0","description":"Trasforma la tua identit\u00e0. Percorsi strutturati per chiarire chi sei e tradurre la tua identit\u00e0 in direzione concreta.","robots":{"index":"index","follow":"follow","max-snippet":"max-snippet:-1","max-image-preview":"max-image-preview:large","max-video-preview":"max-video-preview:-1"},"canonical":"https:\/\/crisbarbarino.com\/en\/programs\/","og_locale":"en_US","og_type":"article","og_title":"Percorsi: Trasforma la tua identit\u00e0","og_description":"Trasforma la tua identit\u00e0. Percorsi strutturati per chiarire chi sei e tradurre la tua identit\u00e0 in direzione concreta.","og_url":"https:\/\/crisbarbarino.com\/en\/programs\/","og_site_name":"CrisBarbarino","article_publisher":"https:\/\/www.facebook.com\/cristian.barbarino","article_modified_time":"2026-04-18T14:07:51+00:00","og_image":[{"width":1527,"height":992,"url":"https:\/\/crisbarbarino.com\/wp-content\/uploads\/lifecode_bg.jpg","type":"image\/jpeg"}],"twitter_card":"summary_large_image","twitter_misc":{"Est. reading time":"1 minute"},"schema":{"@context":"https:\/\/schema.org","@graph":[{"@type":"WebPage","@id":"https:\/\/crisbarbarino.com\/programs\/","url":"https:\/\/crisbarbarino.com\/programs\/","name":"Percorsi: Trasforma la tua identit\u00e0","isPartOf":{"@id":"https:\/\/crisbarbarino.com\/#website"},"primaryImageOfPage":{"@id":"https:\/\/crisbarbarino.com\/programs\/#primaryimage"},"image":{"@id":"https:\/\/crisbarbarino.com\/programs\/#primaryimage"},"thumbnailUrl":"https:\/\/crisbarbarino.com\/wp-content\/uploads\/lifecode_bg.jpg","datePublished":"2026-04-18T14:06:27+00:00","dateModified":"2026-04-18T14:07:51+00:00","description":"Trasforma la tua identit\u00e0. Percorsi strutturati per chiarire chi sei e tradurre la tua identit\u00e0 in direzione concreta.","breadcrumb":{"@id":"https:\/\/crisbarbarino.com\/programs\/#breadcrumb"},"inLanguage":"en-US","potentialAction":[{"@type":"ReadAction","target":["https:\/\/crisbarbarino.com\/programs\/"]}]},{"@type":"ImageObject","inLanguage":"en-US","@id":"https:\/\/crisbarbarino.com\/programs\/#primaryimage","url":"https:\/\/crisbarbarino.com\/wp-content\/uploads\/lifecode_bg.jpg","contentUrl":"https:\/\/crisbarbarino.com\/wp-content\/uploads\/lifecode_bg.jpg","width":1527,"height":992},{"@type":"BreadcrumbList","@id":"https:\/\/crisbarbarino.com\/programs\/#breadcrumb","itemListElement":[{"@type":"ListItem","position":1,"name":"Home","item":"https:\/\/crisbarbarino.com\/"},{"@type":"ListItem","position":2,"name":"PROGRAMS"}]},{"@type":"WebSite","@id":"https:\/\/crisbarbarino.com\/#website","url":"https:\/\/crisbarbarino.com\/","name":"Cris Barbarino","description":"Identity Strategist","publisher":{"@id":"https:\/\/crisbarbarino.com\/#\/schema\/person\/e0bf751040b16132309d4c004de6a93c"},"potentialAction":[{"@type":"SearchAction","target":{"@type":"EntryPoint","urlTemplate":"https:\/\/crisbarbarino.com\/?s={search_term_string}"},"query-input":{"@type":"PropertyValueSpecification","valueRequired":true,"valueName":"search_term_string"}}],"inLanguage":"en-US"},{"@type":["Person","Organization"],"@id":"https:\/\/crisbarbarino.com\/#\/schema\/person\/e0bf751040b16132309d4c004de6a93c","name":"Cris","image":{"@type":"ImageObject","inLanguage":"en-US","@id":"https:\/\/crisbarbarino.com\/wp-content\/uploads\/ico.jpg","url":"https:\/\/crisbarbarino.com\/wp-content\/uploads\/ico.jpg","contentUrl":"https:\/\/crisbarbarino.com\/wp-content\/uploads\/ico.jpg","width":200,"height":200,"caption":"Cris"},"logo":{"@id":"https:\/\/crisbarbarino.com\/wp-content\/uploads\/ico.jpg"},"sameAs":["https:\/\/www.facebook.com\/cristian.barbarino","https:\/\/www.instagram.com\/crisbarbarino\/","https:\/\/www.linkedin.com\/in\/cristianbarbarino\/","https:\/\/www.youtube.com\/@crisbarbarino"]}]}},"_hostinger_reach_plugin_has_subscription_block":false,"_hostinger_reach_plugin_is_elementor":false,"_links":{"self":[{"href":"https:\/\/crisbarbarino.com\/en\/wp-json\/wp\/v2\/pages\/5784","targetHints":{"allow":["GET"]}}],"collection":[{"href":"https:\/\/crisbarbarino.com\/en\/wp-json\/wp\/v2\/pages"}],"about":[{"href":"https:\/\/crisbarbarino.com\/en\/wp-json\/wp\/v2\/types\/page"}],"author":[{"embeddable":true,"href":"https:\/\/crisbarbarino.com\/en\/wp-json\/wp\/v2\/users\/3"}],"replies":[{"embeddable":true,"href":"https:\/\/crisbarbarino.com\/en\/wp-json\/wp\/v2\/comments?post=5784"}],"version-history":[{"count":2,"href":"https:\/\/crisbarbarino.com\/en\/wp-json\/wp\/v2\/pages\/5784\/revisions"}],"predecessor-version":[{"id":5786,"href":"https:\/\/crisbarbarino.com\/en\/wp-json\/wp\/v2\/pages\/5784\/revisions\/5786"}],"wp:featuredmedia":[{"embeddable":true,"href":"https:\/\/crisbarbarino.com\/en\/wp-json\/wp\/v2\/media\/1112"}],"wp:attachment":[{"href":"https:\/\/crisbarbarino.com\/en\/wp-json\/wp\/v2\/media?parent=5784"}],"curies":[{"name":"wp","href":"https:\/\/api.w.org\/{rel}","templated":true}]}}